{"id":37,"date":"2024-11-02T17:32:46","date_gmt":"2024-11-02T16:32:46","guid":{"rendered":"https:\/\/geflho.be\/?page_id=37"},"modified":"2025-05-07T09:49:35","modified_gmt":"2025-05-07T07:49:35","slug":"a-propos","status":"publish","type":"page","link":"https:\/\/geflho.be\/index.php\/a-propos\/","title":{"rendered":"\u00c0 propos"},"content":{"rendered":"\t\t<div data-elementor-type=\"wp-page\" data-elementor-id=\"37\" class=\"elementor elementor-37\">\n\t\t\t\t<div class=\"elementor-element elementor-element-b82c066 e-flex e-con-boxed e-con e-parent\" data-id=\"b82c066\" data-element_type=\"container\" data-settings=\"{&quot;background_background&quot;:&quot;slideshow&quot;,&quot;background_slideshow_gallery&quot;:[{&quot;id&quot;:186,&quot;url&quot;:&quot;https:\\\/\\\/geflho.be\\\/wp-content\\\/uploads\\\/2024\\\/11\\\/Createurs-de-campagne-scaled.jpg&quot;}],&quot;background_slideshow_loop&quot;:&quot;yes&quot;,&quot;background_slideshow_slide_duration&quot;:5000,&quot;background_slideshow_slide_transition&quot;:&quot;fade&quot;,&quot;background_slideshow_transition_duration&quot;:500}\">\n\t\t\t\t\t<div class=\"e-con-inner\">\n\t\t\t\t<div class=\"elementor-element elementor-element-38c589d elementor-widget elementor-widget-spacer\" data-id=\"38c589d\" data-element_type=\"widget\" data-widget_type=\"spacer.default\">\n\t\t\t\t<div class=\"elementor-widget-container\">\n\t\t\t\t\t\t\t<div class=\"elementor-spacer\">\n\t\t\t<div class=\"elementor-spacer-inner\"><\/div>\n\t\t<\/div>\n\t\t\t\t\t\t<\/div>\n\t\t\t\t<\/div>\n\t\t\t\t<div class=\"elementor-element elementor-element-8eabaa6 elementor-widget elementor-widget-heading\" data-id=\"8eabaa6\" data-element_type=\"widget\" data-widget_type=\"heading.default\">\n\t\t\t\t<div class=\"elementor-widget-container\">\n\t\t\t\t\t<h2 class=\"elementor-heading-title elementor-size-default\">GEFLHO conseil : une expertise en gestion des flux patients<\/h2>\t\t\t\t<\/div>\n\t\t\t\t<\/div>\n\t\t\t\t<div class=\"elementor-element elementor-element-0032647 elementor-widget elementor-widget-spacer\" data-id=\"0032647\" data-element_type=\"widget\" data-widget_type=\"spacer.default\">\n\t\t\t\t<div class=\"elementor-widget-container\">\n\t\t\t\t\t\t\t<div class=\"elementor-spacer\">\n\t\t\t<div class=\"elementor-spacer-inner\"><\/div>\n\t\t<\/div>\n\t\t\t\t\t\t<\/div>\n\t\t\t\t<\/div>\n\t\t\t\t\t<\/div>\n\t\t\t\t<\/div>\n\t\t<div class=\"elementor-element elementor-element-08ad6f2 e-flex e-con-boxed e-con e-parent\" data-id=\"08ad6f2\" data-element_type=\"container\" data-settings=\"{&quot;background_background&quot;:&quot;classic&quot;}\">\n\t\t\t\t\t<div class=\"e-con-inner\">\n\t\t<div class=\"elementor-element elementor-element-a9ca3cf e-con-full e-flex e-con e-child\" data-id=\"a9ca3cf\" data-element_type=\"container\">\n\t\t\t\t<div class=\"elementor-element elementor-element-8fac918 elementor-widget__width-initial e-transform elementor-widget elementor-widget-image\" data-id=\"8fac918\" data-element_type=\"widget\" data-settings=\"{&quot;_transform_flipX_effect&quot;:&quot;transform&quot;}\" data-widget_type=\"image.default\">\n\t\t\t\t<div class=\"elementor-widget-container\">\n\t\t\t\t\t\t\t\t\t\t\t\t\t\t\t<img fetchpriority=\"high\" decoding=\"async\" width=\"682\" height=\"1024\" src=\"https:\/\/geflho.be\/wp-content\/uploads\/2025\/02\/IMG_3003-scaled-e1740992066852-682x1024.jpeg\" class=\"attachment-large size-large wp-image-617\" alt=\"portrait_eric_muller\" srcset=\"https:\/\/geflho.be\/wp-content\/uploads\/2025\/02\/IMG_3003-scaled-e1740992066852-682x1024.jpeg 682w, https:\/\/geflho.be\/wp-content\/uploads\/2025\/02\/IMG_3003-scaled-e1740992066852-200x300.jpeg 200w, https:\/\/geflho.be\/wp-content\/uploads\/2025\/02\/IMG_3003-scaled-e1740992066852-768x1154.jpeg 768w, https:\/\/geflho.be\/wp-content\/uploads\/2025\/02\/IMG_3003-scaled-e1740992066852-1023x1536.jpeg 1023w, https:\/\/geflho.be\/wp-content\/uploads\/2025\/02\/IMG_3003-scaled-e1740992066852.jpeg 1257w\" sizes=\"(max-width: 682px) 100vw, 682px\" \/>\t\t\t\t\t\t\t\t\t\t\t\t\t\t\t<\/div>\n\t\t\t\t<\/div>\n\t\t\t\t<\/div>\n\t\t<div class=\"elementor-element elementor-element-de862f5 e-con-full e-flex e-con e-child\" data-id=\"de862f5\" data-element_type=\"container\">\n\t\t\t\t<div class=\"elementor-element elementor-element-7b7caca elementor-widget elementor-widget-heading\" data-id=\"7b7caca\" data-element_type=\"widget\" data-widget_type=\"heading.default\">\n\t\t\t\t<div class=\"elementor-widget-container\">\n\t\t\t\t\t<h3 class=\"elementor-heading-title elementor-size-default\">Une expertise<\/h3>\t\t\t\t<\/div>\n\t\t\t\t<\/div>\n\t\t\t\t<div class=\"elementor-element elementor-element-ad0bb5e elementor-widget elementor-widget-text-editor\" data-id=\"ad0bb5e\" data-element_type=\"widget\" data-widget_type=\"text-editor.default\">\n\t\t\t\t<div class=\"elementor-widget-container\">\n\t\t\t\t\t\t\t\t\t<p>Dans un environnement o\u00f9 la <strong>fluidit\u00e9 des op\u00e9rations<\/strong> est essentielle, une mauvaise gestion des flux peut entra\u00eener des pertes de temps, des inefficacit\u00e9s et une surcharge de travail pour les \u00e9quipes.<\/p><p>Avec plus de <strong>28 ans d\u2019exp\u00e9rience dans le monde hospitalier, <\/strong>dont 11 en mati\u00e8re de<strong> gestion des flux patients<\/strong>, <strong>Eric M\u00fcller<\/strong> a accompagn\u00e9 de nombreuses structures, principalement dans le secteur hospitalier, pour <strong>am\u00e9liorer la coordination<\/strong>, <strong>optimiser les ressources<\/strong> et <strong>anticiper les impr\u00e9vus<\/strong>.<\/p><p>Cette expertise s\u2019applique \u00e9galement \u00e0 d\u2019autres secteurs o\u00f9 la gestion des flux est un enjeu cl\u00e9, comme :<\/p><ul><li>Les<strong> plateformes logistiques et de transport.<\/strong><\/li><li>Les entreprises g\u00e9rant des<strong> flux clients ou usagers. <\/strong><\/li><\/ul><p>\u00a0<\/p><p><strong>GEFLHO conseil<\/strong> vous accompagne avec une approche bas\u00e9e sur le <i>Management Collaboratif des Op\u00e9rations Hospiteli\u00e8res\u00ae<\/i>, inspir\u00e9e des meilleures pratiques du monde hospitalier et du transport a\u00e9rien.<\/p>\t\t\t\t\t\t\t\t<\/div>\n\t\t\t\t<\/div>\n\t\t\t\t<\/div>\n\t\t\t\t\t<\/div>\n\t\t\t\t<\/div>\n\t\t<div class=\"elementor-element elementor-element-a349db8 e-flex e-con-boxed e-con e-parent\" data-id=\"a349db8\" data-element_type=\"container\" data-settings=\"{&quot;background_background&quot;:&quot;classic&quot;}\">\n\t\t\t\t\t<div class=\"e-con-inner\">\n\t\t<div class=\"elementor-element elementor-element-1ef3c0d e-con-full e-flex e-con e-child\" data-id=\"1ef3c0d\" data-element_type=\"container\">\n\t\t\t\t<div class=\"elementor-element elementor-element-0199840 elementor-widget elementor-widget-heading\" data-id=\"0199840\" data-element_type=\"widget\" data-widget_type=\"heading.default\">\n\t\t\t\t<div class=\"elementor-widget-container\">\n\t\t\t\t\t<h2 class=\"elementor-heading-title elementor-size-default\">Un parcours<\/h2>\t\t\t\t<\/div>\n\t\t\t\t<\/div>\n\t\t\t\t<div class=\"elementor-element elementor-element-a2332ee elementor-widget elementor-widget-text-editor\" data-id=\"a2332ee\" data-element_type=\"widget\" data-widget_type=\"text-editor.default\">\n\t\t\t\t<div class=\"elementor-widget-container\">\n\t\t\t\t\t\t\t\t\t<p><strong>Formation :<br \/><\/strong><\/p><ul><li><strong>Master en D\u00e9veloppement Humain dans les Organisations<\/strong> (2023, HEIG-VD, Suisse).<\/li><li><strong>Infirmier Cadre de Sant\u00e9<\/strong> (2005).<\/li><li><strong>Sp\u00e9cialisation en soins intensifs et aide m\u00e9dicale urgente<\/strong> (1996).<\/li><li><strong>Infirmier gradu\u00e9 hospitalier<\/strong> (1995, Haute \u00c9cole de la Province de Li\u00e8ge).<\/li><\/ul><p><strong><br \/>Exp\u00e9riences cl\u00e9s\u00a0:<\/strong><\/p><ul><li>Cr\u00e9ation et pilotage du <strong>premier Centre de Coordination des S\u00e9jours Hospitaliers en Belgique (2022)<\/strong>.<\/li><li>Adaptation des <strong>principes de gestion a\u00e9roportuaire<\/strong> dans le monde hospitalier.<\/li><li>Mise en place d\u2019une <strong>cellule de gestion des lits<\/strong>.<\/li><\/ul>\t\t\t\t\t\t\t\t<\/div>\n\t\t\t\t<\/div>\n\t\t\t\t<\/div>\n\t\t<div class=\"elementor-element elementor-element-d43c1df e-con-full e-flex e-con e-child\" data-id=\"d43c1df\" data-element_type=\"container\">\n\t\t\t\t<div class=\"elementor-element elementor-element-3464d70 elementor-widget elementor-widget-heading\" data-id=\"3464d70\" data-element_type=\"widget\" data-widget_type=\"heading.default\">\n\t\t\t\t<div class=\"elementor-widget-container\">\n\t\t\t\t\t<h2 class=\"elementor-heading-title elementor-size-default\">Des solutions<\/h2>\t\t\t\t<\/div>\n\t\t\t\t<\/div>\n\t\t\t\t<div class=\"elementor-element elementor-element-60d4fa9 elementor-widget__width-initial elementor-widget elementor-widget-text-editor\" data-id=\"60d4fa9\" data-element_type=\"widget\" data-widget_type=\"text-editor.default\">\n\t\t\t\t<div class=\"elementor-widget-container\">\n\t\t\t\t\t\t\t\t\t<p>Nous aidons les organisations \u00e0 :<\/p><ul><li>Fluidifier les parcours et<strong> optimiser l\u2019affectation des ressources.<\/strong><\/li><li>Mettre en place une<strong> coordination en temps r\u00e9el.<\/strong><\/li><li><strong>Am\u00e9liorer la r\u00e9activit\u00e9 <\/strong>face aux impr\u00e9vus et aux <strong>crises.<\/strong><\/li><li>Structurer les processus pour une <strong>gestion plus efficace.<br \/><br \/><\/strong><\/li><\/ul><p>Nos m\u00e9thodes combinent <strong>analyse terrain<\/strong>, <strong>outils de mod\u00e9lisation<\/strong> et <strong>accompagnement strat\u00e9gique<\/strong> pour garantir des r\u00e9sultats concrets et <b>durables<\/b>.<\/p>\t\t\t\t\t\t\t\t<\/div>\n\t\t\t\t<\/div>\n\t\t\t\t<\/div>\n\t\t\t\t\t<\/div>\n\t\t\t\t<\/div>\n\t\t<div class=\"elementor-element elementor-element-11e64e3 e-flex e-con-boxed e-con e-parent\" data-id=\"11e64e3\" data-element_type=\"container\">\n\t\t\t\t\t<div class=\"e-con-inner\">\n\t\t\t\t<div class=\"elementor-element elementor-element-be03909 elementor-widget elementor-widget-spacer\" data-id=\"be03909\" data-element_type=\"widget\" data-widget_type=\"spacer.default\">\n\t\t\t\t<div class=\"elementor-widget-container\">\n\t\t\t\t\t\t\t<div class=\"elementor-spacer\">\n\t\t\t<div class=\"elementor-spacer-inner\"><\/div>\n\t\t<\/div>\n\t\t\t\t\t\t<\/div>\n\t\t\t\t<\/div>\n\t\t\t\t\t<\/div>\n\t\t\t\t<\/div>\n\t\t<div class=\"elementor-element elementor-element-17b89b79 e-flex e-con-boxed e-con e-parent\" data-id=\"17b89b79\" data-element_type=\"container\" data-settings=\"{&quot;background_background&quot;:&quot;classic&quot;}\">\n\t\t\t\t\t<div class=\"e-con-inner\">\n\t\t<div class=\"elementor-element elementor-element-42c9f06f e-con-full e-flex e-con e-child\" data-id=\"42c9f06f\" data-element_type=\"container\">\n\t\t\t\t<div class=\"elementor-element elementor-element-200adbe3 elementor-widget elementor-widget-spacer\" data-id=\"200adbe3\" data-element_type=\"widget\" data-widget_type=\"spacer.default\">\n\t\t\t\t<div class=\"elementor-widget-container\">\n\t\t\t\t\t\t\t<div class=\"elementor-spacer\">\n\t\t\t<div class=\"elementor-spacer-inner\"><\/div>\n\t\t<\/div>\n\t\t\t\t\t\t<\/div>\n\t\t\t\t<\/div>\n\t\t\t\t<div class=\"elementor-element elementor-element-b788ba0 elementor-widget elementor-widget-heading\" data-id=\"b788ba0\" data-element_type=\"widget\" data-widget_type=\"heading.default\">\n\t\t\t\t<div class=\"elementor-widget-container\">\n\t\t\t\t\t<h2 class=\"elementor-heading-title elementor-size-default\">Discutons de vos d\u00e9fis organisationnels !<\/h2>\t\t\t\t<\/div>\n\t\t\t\t<\/div>\n\t\t\t\t<div class=\"elementor-element elementor-element-755c5c2c elementor-widget elementor-widget-text-editor\" data-id=\"755c5c2c\" data-element_type=\"widget\" data-widget_type=\"text-editor.default\">\n\t\t\t\t<div class=\"elementor-widget-container\">\n\t\t\t\t\t\t\t\t\t<p>Vous cherchez \u00e0 am\u00e9liorer la gestion de vos flux et vos op\u00e9rations ? Que vous soyez dans le secteur hospitalier, la logistique ou la gestion d\u2019infrastructures, <strong>nous vous proposerons des solutions adapt\u00e9es.<\/strong><\/p>\t\t\t\t\t\t\t\t<\/div>\n\t\t\t\t<\/div>\n\t\t\t\t<div class=\"elementor-element elementor-element-a1daaf6 e-grid-align-left elementor-shape-rounded elementor-grid-0 elementor-widget elementor-widget-social-icons\" data-id=\"a1daaf6\" data-element_type=\"widget\" data-widget_type=\"social-icons.default\">\n\t\t\t\t<div class=\"elementor-widget-container\">\n\t\t\t\t\t\t\t<div class=\"elementor-social-icons-wrapper elementor-grid\">\n\t\t\t\t\t\t\t<span class=\"elementor-grid-item\">\n\t\t\t\t\t<a class=\"elementor-icon elementor-social-icon elementor-social-icon-linkedin elementor-repeater-item-1c93e08\" href=\"https:\/\/www.linkedin.com\/in\/eric-m%C3%BCller-636780201\/\" target=\"_blank\">\n\t\t\t\t\t\t<span class=\"elementor-screen-only\">Linkedin<\/span>\n\t\t\t\t\t\t<svg class=\"e-font-icon-svg e-fab-linkedin\" viewBox=\"0 0 448 512\" xmlns=\"http:\/\/www.w3.org\/2000\/svg\"><path d=\"M416 32H31.9C14.3 32 0 46.5 0 64.3v383.4C0 465.5 14.3 480 31.9 480H416c17.6 0 32-14.5 32-32.3V64.3c0-17.8-14.4-32.3-32-32.3zM135.4 416H69V202.2h66.5V416zm-33.2-243c-21.3 0-38.5-17.3-38.5-38.5S80.9 96 102.2 96c21.2 0 38.5 17.3 38.5 38.5 0 21.3-17.2 38.5-38.5 38.5zm282.1 243h-66.4V312c0-24.8-.5-56.7-34.5-56.7-34.6 0-39.9 27-39.9 54.9V416h-66.4V202.2h63.7v29.2h.9c8.9-16.8 30.6-34.5 62.9-34.5 67.2 0 79.7 44.3 79.7 101.9V416z\"><\/path><\/svg>\t\t\t\t\t<\/a>\n\t\t\t\t<\/span>\n\t\t\t\t\t<\/div>\n\t\t\t\t\t\t<\/div>\n\t\t\t\t<\/div>\n\t\t\t\t<div class=\"elementor-element elementor-element-2dda162 elementor-widget elementor-widget-button\" data-id=\"2dda162\" data-element_type=\"widget\" data-widget_type=\"button.default\">\n\t\t\t\t<div class=\"elementor-widget-container\">\n\t\t\t\t\t\t\t\t\t<div class=\"elementor-button-wrapper\">\n\t\t\t\t\t<a class=\"elementor-button elementor-button-link elementor-size-sm\" href=\"https:\/\/geflho.be\/index.php\/contact\/\">\n\t\t\t\t\t\t<span class=\"elementor-button-content-wrapper\">\n\t\t\t\t\t\t\t\t\t<span class=\"elementor-button-text\">Prenons contact<\/span>\n\t\t\t\t\t<\/span>\n\t\t\t\t\t<\/a>\n\t\t\t\t<\/div>\n\t\t\t\t\t\t\t\t<\/div>\n\t\t\t\t<\/div>\n\t\t\t\t<div class=\"elementor-element elementor-element-51c7132a elementor-widget elementor-widget-spacer\" data-id=\"51c7132a\" data-element_type=\"widget\" data-widget_type=\"spacer.default\">\n\t\t\t\t<div class=\"elementor-widget-container\">\n\t\t\t\t\t\t\t<div class=\"elementor-spacer\">\n\t\t\t<div class=\"elementor-spacer-inner\"><\/div>\n\t\t<\/div>\n\t\t\t\t\t\t<\/div>\n\t\t\t\t<\/div>\n\t\t\t\t<\/div>\n\t\t<div class=\"elementor-element elementor-element-19dc20c2 e-con-full e-flex e-con e-child\" data-id=\"19dc20c2\" data-element_type=\"container\">\n\t\t\t\t<div class=\"elementor-element elementor-element-0bf7252 elementor-widget elementor-widget-image\" data-id=\"0bf7252\" data-element_type=\"widget\" data-widget_type=\"image.default\">\n\t\t\t\t<div class=\"elementor-widget-container\">\n\t\t\t\t\t\t\t\t\t\t\t\t\t\t\t<img decoding=\"async\" src=\"https:\/\/geflho.be\/wp-content\/uploads\/elementor\/thumbs\/IMG_2999-scaled-e1740992175427-r2b4ogvilagupupdatql8b80sc4o3f85go0c8dk9yo.jpeg\" title=\"Portrait d&rsquo;\u00c9ric M\u00fcller &#8211; plante\" alt=\"portrait_eric_muller\" loading=\"lazy\" \/>\t\t\t\t\t\t\t\t\t\t\t\t\t\t\t<\/div>\n\t\t\t\t<\/div>\n\t\t\t\t<\/div>\n\t\t\t\t\t<\/div>\n\t\t\t\t<\/div>\n\t\t\t\t<\/div>\n\t\t","protected":false},"excerpt":{"rendered":"<p>GEFLHO conseil : une expertise en gestion des flux patients Une expertise Dans un environnement o\u00f9 la fluidit\u00e9 des op\u00e9rations est essentielle, une mauvaise gestion des flux peut entra\u00eener des pertes de temps, des inefficacit\u00e9s et une surcharge de travail pour les \u00e9quipes. Avec plus de 28 ans d\u2019exp\u00e9rience dans le monde hospitalier, dont 11 [&hellip;]<\/p>\n","protected":false},"author":2,"featured_media":0,"parent":0,"menu_order":0,"comment_status":"closed","ping_status":"closed","template":"","meta":{"footnotes":""},"class_list":["post-37","page","type-page","status-publish","hentry"],"yoast_head":"<!-- This site is optimized with the Yoast SEO plugin v25.2 - https:\/\/yoast.com\/wordpress\/plugins\/seo\/ -->\n<title>\u00c0 propos - GEFLHO Conseil<\/title>\n<meta name=\"robots\" content=\"index, follow, max-snippet:-1, max-image-preview:large, max-video-preview:-1\" \/>\n<link rel=\"canonical\" href=\"https:\/\/geflho.be\/index.php\/a-propos\/\" \/>\n<meta property=\"og:locale\" content=\"fr_FR\" \/>\n<meta property=\"og:type\" content=\"article\" \/>\n<meta property=\"og:title\" content=\"\u00c0 propos - GEFLHO Conseil\" \/>\n<meta property=\"og:description\" content=\"GEFLHO conseil : une expertise en gestion des flux patients Une expertise Dans un environnement o\u00f9 la fluidit\u00e9 des op\u00e9rations est essentielle, une mauvaise gestion des flux peut entra\u00eener des pertes de temps, des inefficacit\u00e9s et une surcharge de travail pour les \u00e9quipes. Avec plus de 28 ans d\u2019exp\u00e9rience dans le monde hospitalier, dont 11 [&hellip;]\" \/>\n<meta property=\"og:url\" content=\"https:\/\/geflho.be\/index.php\/a-propos\/\" \/>\n<meta property=\"og:site_name\" content=\"GEFLHO Conseil\" \/>\n<meta property=\"article:modified_time\" content=\"2025-05-07T07:49:35+00:00\" \/>\n<meta property=\"og:image\" content=\"https:\/\/geflho.be\/wp-content\/uploads\/2025\/02\/IMG_3003-scaled-e1740992066852.jpeg\" \/>\n\t<meta property=\"og:image:width\" content=\"1257\" \/>\n\t<meta property=\"og:image:height\" content=\"1888\" \/>\n\t<meta property=\"og:image:type\" content=\"image\/jpeg\" \/>\n<meta name=\"twitter:card\" content=\"summary_large_image\" \/>\n<meta name=\"twitter:label1\" content=\"Dur\u00e9e de lecture estim\u00e9e\" \/>\n\t<meta name=\"twitter:data1\" content=\"2 minutes\" \/>\n<script type=\"application\/ld+json\" class=\"yoast-schema-graph\">{\"@context\":\"https:\/\/schema.org\",\"@graph\":[{\"@type\":\"WebPage\",\"@id\":\"https:\/\/geflho.be\/index.php\/a-propos\/\",\"url\":\"https:\/\/geflho.be\/index.php\/a-propos\/\",\"name\":\"\u00c0 propos - GEFLHO Conseil\",\"isPartOf\":{\"@id\":\"https:\/\/geflho.be\/#website\"},\"primaryImageOfPage\":{\"@id\":\"https:\/\/geflho.be\/index.php\/a-propos\/#primaryimage\"},\"image\":{\"@id\":\"https:\/\/geflho.be\/index.php\/a-propos\/#primaryimage\"},\"thumbnailUrl\":\"https:\/\/geflho.be\/wp-content\/uploads\/2025\/02\/IMG_3003-scaled-e1740992066852-682x1024.jpeg\",\"datePublished\":\"2024-11-02T16:32:46+00:00\",\"dateModified\":\"2025-05-07T07:49:35+00:00\",\"breadcrumb\":{\"@id\":\"https:\/\/geflho.be\/index.php\/a-propos\/#breadcrumb\"},\"inLanguage\":\"fr-FR\",\"potentialAction\":[{\"@type\":\"ReadAction\",\"target\":[\"https:\/\/geflho.be\/index.php\/a-propos\/\"]}]},{\"@type\":\"ImageObject\",\"inLanguage\":\"fr-FR\",\"@id\":\"https:\/\/geflho.be\/index.php\/a-propos\/#primaryimage\",\"url\":\"https:\/\/geflho.be\/wp-content\/uploads\/2025\/02\/IMG_3003-scaled-e1740992066852.jpeg\",\"contentUrl\":\"https:\/\/geflho.be\/wp-content\/uploads\/2025\/02\/IMG_3003-scaled-e1740992066852.jpeg\",\"width\":1257,\"height\":1888,\"caption\":\"portrait_eric_muller\"},{\"@type\":\"BreadcrumbList\",\"@id\":\"https:\/\/geflho.be\/index.php\/a-propos\/#breadcrumb\",\"itemListElement\":[{\"@type\":\"ListItem\",\"position\":1,\"name\":\"Accueil\",\"item\":\"https:\/\/geflho.be\/\"},{\"@type\":\"ListItem\",\"position\":2,\"name\":\"\u00c0 propos\"}]},{\"@type\":\"WebSite\",\"@id\":\"https:\/\/geflho.be\/#website\",\"url\":\"https:\/\/geflho.be\/\",\"name\":\"GEFLHO Conseil\",\"description\":\"Gestion des flux hospitaliers en Belgique\",\"publisher\":{\"@id\":\"https:\/\/geflho.be\/#organization\"},\"potentialAction\":[{\"@type\":\"SearchAction\",\"target\":{\"@type\":\"EntryPoint\",\"urlTemplate\":\"https:\/\/geflho.be\/?s={search_term_string}\"},\"query-input\":{\"@type\":\"PropertyValueSpecification\",\"valueRequired\":true,\"valueName\":\"search_term_string\"}}],\"inLanguage\":\"fr-FR\"},{\"@type\":\"Organization\",\"@id\":\"https:\/\/geflho.be\/#organization\",\"name\":\"GEFLHO Conseil\",\"alternateName\":\"GEFLHO\",\"url\":\"https:\/\/geflho.be\/\",\"logo\":{\"@type\":\"ImageObject\",\"inLanguage\":\"fr-FR\",\"@id\":\"https:\/\/geflho.be\/#\/schema\/logo\/image\/\",\"url\":\"https:\/\/geflho.be\/wp-content\/uploads\/2024\/11\/Logo-Baseline.png\",\"contentUrl\":\"https:\/\/geflho.be\/wp-content\/uploads\/2024\/11\/Logo-Baseline.png\",\"width\":2643,\"height\":527,\"caption\":\"GEFLHO Conseil\"},\"image\":{\"@id\":\"https:\/\/geflho.be\/#\/schema\/logo\/image\/\"}}]}<\/script>\n<!-- \/ Yoast SEO plugin. -->","yoast_head_json":{"title":"\u00c0 propos - GEFLHO Conseil","robots":{"index":"index","follow":"follow","max-snippet":"max-snippet:-1","max-image-preview":"max-image-preview:large","max-video-preview":"max-video-preview:-1"},"canonical":"https:\/\/geflho.be\/index.php\/a-propos\/","og_locale":"fr_FR","og_type":"article","og_title":"\u00c0 propos - GEFLHO Conseil","og_description":"GEFLHO conseil : une expertise en gestion des flux patients Une expertise Dans un environnement o\u00f9 la fluidit\u00e9 des op\u00e9rations est essentielle, une mauvaise gestion des flux peut entra\u00eener des pertes de temps, des inefficacit\u00e9s et une surcharge de travail pour les \u00e9quipes. Avec plus de 28 ans d\u2019exp\u00e9rience dans le monde hospitalier, dont 11 [&hellip;]","og_url":"https:\/\/geflho.be\/index.php\/a-propos\/","og_site_name":"GEFLHO Conseil","article_modified_time":"2025-05-07T07:49:35+00:00","og_image":[{"width":1257,"height":1888,"url":"https:\/\/geflho.be\/wp-content\/uploads\/2025\/02\/IMG_3003-scaled-e1740992066852.jpeg","type":"image\/jpeg"}],"twitter_card":"summary_large_image","twitter_misc":{"Dur\u00e9e de lecture estim\u00e9e":"2 minutes"},"schema":{"@context":"https:\/\/schema.org","@graph":[{"@type":"WebPage","@id":"https:\/\/geflho.be\/index.php\/a-propos\/","url":"https:\/\/geflho.be\/index.php\/a-propos\/","name":"\u00c0 propos - GEFLHO Conseil","isPartOf":{"@id":"https:\/\/geflho.be\/#website"},"primaryImageOfPage":{"@id":"https:\/\/geflho.be\/index.php\/a-propos\/#primaryimage"},"image":{"@id":"https:\/\/geflho.be\/index.php\/a-propos\/#primaryimage"},"thumbnailUrl":"https:\/\/geflho.be\/wp-content\/uploads\/2025\/02\/IMG_3003-scaled-e1740992066852-682x1024.jpeg","datePublished":"2024-11-02T16:32:46+00:00","dateModified":"2025-05-07T07:49:35+00:00","breadcrumb":{"@id":"https:\/\/geflho.be\/index.php\/a-propos\/#breadcrumb"},"inLanguage":"fr-FR","potentialAction":[{"@type":"ReadAction","target":["https:\/\/geflho.be\/index.php\/a-propos\/"]}]},{"@type":"ImageObject","inLanguage":"fr-FR","@id":"https:\/\/geflho.be\/index.php\/a-propos\/#primaryimage","url":"https:\/\/geflho.be\/wp-content\/uploads\/2025\/02\/IMG_3003-scaled-e1740992066852.jpeg","contentUrl":"https:\/\/geflho.be\/wp-content\/uploads\/2025\/02\/IMG_3003-scaled-e1740992066852.jpeg","width":1257,"height":1888,"caption":"portrait_eric_muller"},{"@type":"BreadcrumbList","@id":"https:\/\/geflho.be\/index.php\/a-propos\/#breadcrumb","itemListElement":[{"@type":"ListItem","position":1,"name":"Accueil","item":"https:\/\/geflho.be\/"},{"@type":"ListItem","position":2,"name":"\u00c0 propos"}]},{"@type":"WebSite","@id":"https:\/\/geflho.be\/#website","url":"https:\/\/geflho.be\/","name":"GEFLHO Conseil","description":"Gestion des flux hospitaliers en Belgique","publisher":{"@id":"https:\/\/geflho.be\/#organization"},"potentialAction":[{"@type":"SearchAction","target":{"@type":"EntryPoint","urlTemplate":"https:\/\/geflho.be\/?s={search_term_string}"},"query-input":{"@type":"PropertyValueSpecification","valueRequired":true,"valueName":"search_term_string"}}],"inLanguage":"fr-FR"},{"@type":"Organization","@id":"https:\/\/geflho.be\/#organization","name":"GEFLHO Conseil","alternateName":"GEFLHO","url":"https:\/\/geflho.be\/","logo":{"@type":"ImageObject","inLanguage":"fr-FR","@id":"https:\/\/geflho.be\/#\/schema\/logo\/image\/","url":"https:\/\/geflho.be\/wp-content\/uploads\/2024\/11\/Logo-Baseline.png","contentUrl":"https:\/\/geflho.be\/wp-content\/uploads\/2024\/11\/Logo-Baseline.png","width":2643,"height":527,"caption":"GEFLHO Conseil"},"image":{"@id":"https:\/\/geflho.be\/#\/schema\/logo\/image\/"}}]}},"_links":{"self":[{"href":"https:\/\/geflho.be\/index.php\/wp-json\/wp\/v2\/pages\/37","targetHints":{"allow":["GET"]}}],"collection":[{"href":"https:\/\/geflho.be\/index.php\/wp-json\/wp\/v2\/pages"}],"about":[{"href":"https:\/\/geflho.be\/index.php\/wp-json\/wp\/v2\/types\/page"}],"author":[{"embeddable":true,"href":"https:\/\/geflho.be\/index.php\/wp-json\/wp\/v2\/users\/2"}],"replies":[{"embeddable":true,"href":"https:\/\/geflho.be\/index.php\/wp-json\/wp\/v2\/comments?post=37"}],"version-history":[{"count":174,"href":"https:\/\/geflho.be\/index.php\/wp-json\/wp\/v2\/pages\/37\/revisions"}],"predecessor-version":[{"id":779,"href":"https:\/\/geflho.be\/index.php\/wp-json\/wp\/v2\/pages\/37\/revisions\/779"}],"wp:attachment":[{"href":"https:\/\/geflho.be\/index.php\/wp-json\/wp\/v2\/media?parent=37"}],"curies":[{"name":"wp","href":"https:\/\/api.w.org\/{rel}","templated":true}]}}